{"id":1877,"date":"2024-01-18T17:21:42","date_gmt":"2024-01-18T17:21:42","guid":{"rendered":"https:\/\/comunidade.aemirandela.pt\/comunidade\/?page_id=1877"},"modified":"2024-01-18T17:21:47","modified_gmt":"2024-01-18T17:21:47","slug":"clube-ciencia-viva","status":"publish","type":"page","link":"https:\/\/comunidade.aemirandela.pt\/comunidade\/clube-ciencia-viva\/","title":{"rendered":"Clube Ci\u00eancia Viva"},"content":{"rendered":"\n<figure class=\"wp-block-image size-large\"><img loading=\"lazy\" decoding=\"async\" width=\"1024\" height=\"571\" src=\"https:\/\/comunidade.aemirandela.pt\/comunidade\/wp-content\/uploads\/2023\/12\/fina_C_normal-1024x571.png\" alt=\"\" class=\"wp-image-1742\" srcset=\"https:\/\/comunidade.aemirandela.pt\/comunidade\/wp-content\/uploads\/2023\/12\/fina_C_normal-1024x571.png 1024w, https:\/\/comunidade.aemirandela.pt\/comunidade\/wp-content\/uploads\/2023\/12\/fina_C_normal-300x167.png 300w, https:\/\/comunidade.aemirandela.pt\/comunidade\/wp-content\/uploads\/2023\/12\/fina_C_normal-768x429.png 768w, https:\/\/comunidade.aemirandela.pt\/comunidade\/wp-content\/uploads\/2023\/12\/fina_C_normal-1536x857.png 1536w, https:\/\/comunidade.aemirandela.pt\/comunidade\/wp-content\/uploads\/2023\/12\/fina_C_normal.png 1903w\" sizes=\"auto, (max-width: 1024px) 100vw, 1024px\" \/><\/figure>\n\n\n\n<p>De modo a implementar estrat\u00e9gias e metodologias inovadoras de ensino, o Agrupamento de Escolas de Mirandela decidiu aderir \u00e0 Rede de Clubes Ci\u00eancia Viva.<br>O Clube Ci\u00eancia Viva pretende ser um espa\u00e7o aberto de contacto com a ci\u00eancia, a tecnologia e o ambiente e visa dar um contributo relevante na educa\u00e7\u00e3o e no acesso generalizado dos alunos a pr\u00e1ticas cient\u00edficas, promovendo a metodologia cient\u00edfica e o ensino experimental das Ci\u00eancias. Como tal, o Clube Ci\u00eancia Viva enquadra-se no \u00e2mbito da Autonomia e Flexibilidade Curricular, na medida em que promove o trabalho pr\u00e1tico e experimental, a interdisciplinaridade e o trabalho colaborativo, contextualizando o conhecimento em situa\u00e7\u00f5es que se aproximem de problemas reais do s\u00e9culo XXI e permitindo, deste modo, o desenvolvimento de diferentes \u00e1reas de compet\u00eancias consignadas no Perfil dos Alunos \u00e0 Sa\u00edda da Escolaridade Obrigat\u00f3ria.<\/p>\n\n\n\n<p><br>Os Clubes Ci\u00eancia Viva nas Escolas potenciam a coopera\u00e7\u00e3o entre sistemas formais e n\u00e3o formais de educa\u00e7\u00e3o, estabelecendo parcerias s\u00f3lidas com institui\u00e7\u00f5es cient\u00edficas e de ensino superior, autarquias, Centros Ci\u00eancia Viva, empresas com I&amp;D, museus e outras institui\u00e7\u00f5es cient\u00edfico-culturais.<br>Atrav\u00e9s da observa\u00e7\u00e3o dos fen\u00f3menos do quotidiano, pretendemos que os alunos coloquem quest\u00f5es acerca do meio que os rodeia. O Clube ir\u00e1 ser um espa\u00e7o para a promo\u00e7\u00e3o da literacia cient\u00edfica, proporcionando condi\u00e7\u00f5es para desenvolvimento de atividades de laborat\u00f3rio, de campo e experimentais, privilegiando a interdisciplinaridade, articula\u00e7\u00e3o e colabora\u00e7\u00e3o entre os diversos intervenientes do processo ensino aprendizagem, com vista \u00e0 promo\u00e7\u00e3o do sucesso educativo.<\/p>\n\n\n\n<p><\/p>\n\n\n\n<p>Com o Clube <strong><em>TUA<\/em><\/strong>CI\u00caNCIA, pretende-se:<\/p>\n\n\n\n<ul class=\"wp-block-list\">\n<li>criar um espa\u00e7o para os alunos questionarem os fen\u00f3menos do quotidiano, proporcionando-lhes condi\u00e7\u00f5es para a explora\u00e7\u00e3o dos mesmos;<\/li>\n\n\n\n<li>promover a literacia cient\u00edfica, atrav\u00e9s do desenvolvimento de atividades pr\u00e1ticas, experimentais e de campo;<\/li>\n\n\n\n<li>privilegiar a interdisciplinaridade, a articula\u00e7\u00e3o e colabora\u00e7\u00e3o entre os diversos intervenientes do processo ensino aprendizagem, com vista \u00e0 promo\u00e7\u00e3o do sucesso educativo.<\/li>\n<\/ul>\n\n\n\n<p><\/p>\n\n\n\n<p><\/p>\n\n\n\n<p><strong>PARCERIAS<\/strong><\/p>\n\n\n\n<ul class=\"wp-block-list\">\n<li>UTAD- Universidade de Tr\u00e1s-os-Montes e Alto Douro<\/li>\n<\/ul>\n","protected":false},"excerpt":{"rendered":"<p>De modo a implementar estrat\u00e9gias e metodologias inovadoras de ensino, o Agrupamento de Escolas de Mirandela decidiu aderir \u00e0 Rede &hellip; <\/p>\n","protected":false},"author":1,"featured_media":0,"parent":0,"menu_order":0,"comment_status":"closed","ping_status":"closed","template":"","meta":{"footnotes":""},"class_list":["post-1877","page","type-page","status-publish","hentry"],"_links":{"self":[{"href":"https:\/\/comunidade.aemirandela.pt\/comunidade\/wp-json\/wp\/v2\/pages\/1877","targetHints":{"allow":["GET"]}}],"collection":[{"href":"https:\/\/comunidade.aemirandela.pt\/comunidade\/wp-json\/wp\/v2\/pages"}],"about":[{"href":"https:\/\/comunidade.aemirandela.pt\/comunidade\/wp-json\/wp\/v2\/types\/page"}],"author":[{"embeddable":true,"href":"https:\/\/comunidade.aemirandela.pt\/comunidade\/wp-json\/wp\/v2\/users\/1"}],"replies":[{"embeddable":true,"href":"https:\/\/comunidade.aemirandela.pt\/comunidade\/wp-json\/wp\/v2\/comments?post=1877"}],"version-history":[{"count":2,"href":"https:\/\/comunidade.aemirandela.pt\/comunidade\/wp-json\/wp\/v2\/pages\/1877\/revisions"}],"predecessor-version":[{"id":1879,"href":"https:\/\/comunidade.aemirandela.pt\/comunidade\/wp-json\/wp\/v2\/pages\/1877\/revisions\/1879"}],"wp:attachment":[{"href":"https:\/\/comunidade.aemirandela.pt\/comunidade\/wp-json\/wp\/v2\/media?parent=1877"}],"curies":[{"name":"wp","href":"https:\/\/api.w.org\/{rel}","templated":true}]}}